{"id":165,"date":"2025-08-11T15:11:02","date_gmt":"2025-08-11T20:11:02","guid":{"rendered":"https:\/\/carsturismo.com\/wp-carsturismo\/wp-carsturismo\/?page_id=165"},"modified":"2025-12-01T15:55:53","modified_gmt":"2025-12-01T20:55:53","slug":"blog","status":"publish","type":"page","link":"https:\/\/carsturismo.com\/index.php\/blog\/","title":{"rendered":"Blog"},"content":{"rendered":"\t\t<div data-elementor-type=\"wp-page\" data-elementor-id=\"165\" class=\"elementor elementor-165\" data-elementor-post-type=\"page\">\n\t\t\t\t<div class=\"elementor-element elementor-element-4733922 e-flex e-con-boxed e-con e-parent\" data-id=\"4733922\" data-element_type=\"container\" data-e-type=\"container\">\n\t\t\t\t\t<div class=\"e-con-inner\">\n\t\t\t\t<div class=\"elementor-element elementor-element-9e6b363 elementor-widget__width-inherit menu-container elementor-widget elementor-widget-html\" data-id=\"9e6b363\" data-element_type=\"widget\" data-e-type=\"widget\" data-widget_type=\"html.default\">\n\t\t\t\t\t        <!-- Men\u00fa Header con Bootstrap - CON HOVER RESTAURADO -->\r\n        <nav class=\"navbar navbar-expand-lg navbar-light cars-menu-header \">\r\n            <div class=\"container-fluid\">\r\n                <button class=\"navbar-toggler\" type=\"button\" data-bs-toggle=\"collapse\" data-bs-target=\"#carsHeaderMenu\" \r\n                        aria-controls=\"carsHeaderMenu\" aria-expanded=\"false\" aria-label=\"Toggle navigation\">\r\n                    <span class=\"navbar-toggler-icon\"><\/span>\r\n                <\/button>\r\n\r\n                <div class=\"collapse navbar-collapse justify-content-end\" id=\"carsHeaderMenu\">\r\n                    <ul id=\"menu-menu\" class=\"navbar-nav mb-2 mb-lg-0 cars-custom-nav\"><li class=\"menu-item menu-item-type-post_type menu-item-object-page menu-item-home nav-item\"><a class=\"nav-link\" href=\"https:\/\/carsturismo.com\/\">Car\u00b4s Turismo<\/a><\/li>\n<li class=\"menu-item menu-item-type-post_type menu-item-object-page nav-item\"><a class=\"nav-link\" href=\"https:\/\/carsturismo.com\/index.php\/empresa\/\">Qui\u00e9nes Somos<\/a><\/li>\n<li class=\"menu-item menu-item-type-post_type menu-item-object-page nav-item\"><a class=\"nav-link\" href=\"https:\/\/carsturismo.com\/index.php\/parque-automotor\/\">Parque Automotor<\/a><\/li>\n<li class=\"menu-item menu-item-type-post_type menu-item-object-page menu-item-has-children nav-item dropdown submenu-parent\"><a class=\"nav-link dropdown-toggle\" data-bs-toggle=\"dropdown\" aria-expanded=\"false\" href=\"https:\/\/carsturismo.com\/index.php\/servicios\/\">Soluciones en Movilidad<span class=\"arrow\">^<\/span><\/a><ul class=\"dropdown-menu submenu\"><li class=\"menu-item menu-item-type-post_type menu-item-object-page nav-item\"><a class=\"nav-link\" href=\"https:\/\/carsturismo.com\/index.php\/corporativo-institucional\/\">Corporativo e Institucional<\/a><\/li>\n<li class=\"menu-item menu-item-type-post_type menu-item-object-page nav-item\"><a class=\"nav-link\" href=\"https:\/\/carsturismo.com\/index.php\/turismo-experiencias\/\">Turismo y Experiencias<\/a><\/li>\n<li class=\"menu-item menu-item-type-post_type menu-item-object-page nav-item\"><a class=\"nav-link\" href=\"https:\/\/carsturismo.com\/index.php\/premium-medida\/\">Premium y a la Medida<\/a><\/li>\n<\/ul>\n<\/li>\n<li class=\"menu-item menu-item-type-post_type menu-item-object-page nav-item\"><a class=\"nav-link\" href=\"https:\/\/carsturismo.com\/index.php\/blog\/\">Noticias y Actualidad<\/a><\/li>\n<li class=\"hidden-menu-item menu-item menu-item-type-post_type menu-item-object-page nav-item\"><a class=\"nav-link\" href=\"https:\/\/carsturismo.com\/index.php\/zona-transacciones\/\">Zona de Transacciones<\/a><\/li>\n<\/ul>                <\/div>\r\n            <\/div>\r\n        <\/nav>\r\n        \t\t\t\t<\/div>\n\t\t\t\t\t<\/div>\n\t\t\t\t<\/div>\n\t\t<div class=\"elementor-element elementor-element-642be94 e-flex e-con-boxed e-con e-parent\" data-id=\"642be94\" data-element_type=\"container\" data-e-type=\"container\">\n\t\t\t\t\t<div class=\"e-con-inner\">\n\t\t<div class=\"elementor-element elementor-element-f65ff76 e-con-full e-flex e-con e-child\" data-id=\"f65ff76\" data-element_type=\"container\" data-e-type=\"container\">\n\t\t\t\t<div class=\"elementor-element elementor-element-2b943fc elementor-widget elementor-widget-shortcode\" data-id=\"2b943fc\" data-element_type=\"widget\" data-e-type=\"widget\" data-widget_type=\"shortcode.default\">\n\t\t\t\t\t\t\t<div class=\"elementor-shortcode\"><nav class=\"ct-breadcrumb\" aria-label=\"Breadcrumb\"><ul><li><a href=\"https:\/\/carsturismo.com\/\">Inicio<\/a><\/li><li class=\"divider\"> <span class=\"sep\" aria-hidden=\"true\">\u203a<\/span> <\/li><li class=\"current\" aria-current=\"page\">Car\u00b4s Turismo<\/li><\/ul><\/nav><\/div>\n\t\t\t\t\t\t<\/div>\n\t\t\t\t<\/div>\n\t\t\t\t\t<\/div>\n\t\t\t\t<\/div>\n\t\t<div class=\"elementor-element elementor-element-c71bd18 e-flex e-con-boxed e-con e-parent\" data-id=\"c71bd18\" data-element_type=\"container\" data-e-type=\"container\">\n\t\t\t\t\t<div class=\"e-con-inner\">\n\t\t\t\t<div class=\"elementor-element elementor-element-3453401 elementor-widget elementor-widget-shortcode\" data-id=\"3453401\" data-element_type=\"widget\" data-e-type=\"widget\" data-widget_type=\"shortcode.default\">\n\t\t\t\t\t\t\t<div class=\"elementor-shortcode\">        <div class=\"cars-blogs-pro-container\">\r\n            <!-- Header de B\u00fasqueda y Filtros -->\r\n            <div class=\"cars-blogs-header\">\r\n                <div class=\"cars-search-section\">\r\n                    <input type=\"text\" id=\"cars-blogs-search-input\" placeholder=\"Buscar por t\u00edtulo...\" class=\"cars-search-input\">\r\n                    <input type=\"date\" id=\"cars-blogs-date-input\" class=\"cars-date-input\">\r\n                    <select id=\"cars-blogs-category\" class=\"cars-category-select\">\r\n                        <option value=\"\">Todas las categor\u00edas<\/option>\r\n                        <option value=\"1\">Categorias<\/option><option value=\"23\">Donde hemos llegado<\/option><option value=\"20\">Eventos<\/option><option value=\"22\">Noticias<\/option><option value=\"21\">Promociones<\/option>                    <\/select>\r\n                    <button id=\"cars-blogs-search-btn\" class=\"cars-search-btn\">Buscar<\/button>\r\n                    <button id=\"cars-blogs-reset-btn\" class=\"cars-reset-btn\">Limpiar<\/button>\r\n                <\/div>\r\n            <\/div>\r\n\r\n            <div class=\"cars-blogs-main-content\">\r\n                <!-- Contenido Principal -->\r\n                <div class=\"cars-blogs-content\" id=\"cars-blogs-content\">\r\n                    <div class=\"cars-blogs-grid\">        <article class=\"cars-blog-card\" data-post-id=\"2980\">\r\n            \r\n            <div class=\"cars-blog-content\">\r\n                <h3 class=\"cars-blog-title\">Protagonistas<\/h3>\r\n                \r\n                <div class=\"cars-blog-meta\">\r\n                    <span class=\"cars-blog-date\">07 Oct, 2025<\/span>\r\n                    <span class=\"cars-blog-read-time\">1 min lectura<\/span>\r\n                <\/div>\r\n\r\n                <p class=\"cars-blog-excerpt\">Protagonistas x bsv svc . tedsvcf x bsv svc . tedsvcf x bsv svc . tedsvcf Phoenix Wea Cook like...<\/p>\r\n\r\n                <div class=\"cars-blog-actions\">\r\n                    <a href=\"https:\/\/carsturismo.com\/index.php\/2025\/10\/07\/otronombre\/\" class=\"cars-read-more-btn\">Leer m\u00e1s<\/a>\r\n                <\/div>\r\n            <\/div>\r\n        <\/article>\r\n                <article class=\"cars-blog-card\" data-post-id=\"2727\">\r\n            \r\n            <div class=\"cars-blog-content\">\r\n                <h3 class=\"cars-blog-title\">Transporte Tur\u00edstico en Colombia<\/h3>\r\n                \r\n                <div class=\"cars-blog-meta\">\r\n                    <span class=\"cars-blog-date\">24 Sep, 2025<\/span>\r\n                    <span class=\"cars-blog-read-time\">3 min lectura<\/span>\r\n                <\/div>\r\n\r\n                <p class=\"cars-blog-excerpt\">\u00a1Bogot\u00e1 te Espera! Descubre la Ciudad de una Manera \u00danica y Sin L\u00edmites Llegaste a Bogot\u00e1, una ciudad llena de...<\/p>\r\n\r\n                <div class=\"cars-blog-actions\">\r\n                    <a href=\"https:\/\/carsturismo.com\/index.php\/2025\/09\/24\/transporte-turistico\/\" class=\"cars-read-more-btn\">Leer m\u00e1s<\/a>\r\n                <\/div>\r\n            <\/div>\r\n        <\/article>\r\n                <article class=\"cars-blog-card\" data-post-id=\"649\">\r\n            \r\n            <div class=\"cars-blog-content\">\r\n                <h3 class=\"cars-blog-title\">CARS EN VITRINA EMPRESARIAL<\/h3>\r\n                \r\n                <div class=\"cars-blog-meta\">\r\n                    <span class=\"cars-blog-date\">25 Ago, 2025<\/span>\r\n                    <span class=\"cars-blog-read-time\">1 min lectura<\/span>\r\n                <\/div>\r\n\r\n                <p class=\"cars-blog-excerpt\">CAR\u00b4S EN VITRINA EMPRESARIAL REGIONAL PRIMERA EDICION Car\u00b4s TURISMO SAS hizo participacion en la primera edicion de la VITRINA EMPRESARIAL...<\/p>\r\n\r\n                <div class=\"cars-blog-actions\">\r\n                    <a href=\"https:\/\/carsturismo.com\/index.php\/2025\/08\/25\/cars-en-vitrina-empresarialcars-en\/\" class=\"cars-read-more-btn\">Leer m\u00e1s<\/a>\r\n                <\/div>\r\n            <\/div>\r\n        <\/article>\r\n                <article class=\"cars-blog-card\" data-post-id=\"121\">\r\n            \r\n            <div class=\"cars-blog-content\">\r\n                <h3 class=\"cars-blog-title\">Transporte familiar en Colombia<\/h3>\r\n                \r\n                <div class=\"cars-blog-meta\">\r\n                    <span class=\"cars-blog-date\">11 Ago, 2025<\/span>\r\n                    <span class=\"cars-blog-read-time\">3 min lectura<\/span>\r\n                <\/div>\r\n\r\n                <p class=\"cars-blog-excerpt\">\u00bfCansado del Estr\u00e9s? Descubre la Soluci\u00f3n Definitiva para el Transporte Familiar en Bogot\u00e1 Mover a tu familia en Bogot\u00e1 no...<\/p>\r\n\r\n                <div class=\"cars-blog-actions\">\r\n                    <a href=\"https:\/\/carsturismo.com\/index.php\/2025\/08\/11\/transporte-familiar\/\" class=\"cars-read-more-btn\">Leer m\u00e1s<\/a>\r\n                <\/div>\r\n            <\/div>\r\n        <\/article>\r\n        <\/div><div class=\"cars-pagination-data\" data-max-pages=\"1\" data-current-page=\"1\"><\/div>                <\/div>\r\n\r\n                <!-- Sidebar -->\r\n                <div class=\"cars-blogs-sidebar\">\r\n                    <div class=\"cars-categories-widget\">\r\n                        <h3>Categor\u00edas<\/h3>\r\n                        <ul class=\"cars-categories-list\"><li class=\"cars-category-item\" data-category-id=\"1\"><span class=\"cars-category-name\">Categorias<\/span><span class=\"cars-category-count\">(1)<\/span><\/li><li class=\"cars-category-item\" data-category-id=\"23\"><span class=\"cars-category-name\">Donde hemos llegado<\/span><span class=\"cars-category-count\">(1)<\/span><\/li><li class=\"cars-category-item\" data-category-id=\"20\"><span class=\"cars-category-name\">Eventos<\/span><span class=\"cars-category-count\">(1)<\/span><\/li><li class=\"cars-category-item\" data-category-id=\"22\"><span class=\"cars-category-name\">Noticias<\/span><span class=\"cars-category-count\">(2)<\/span><\/li><li class=\"cars-category-item\" data-category-id=\"21\"><span class=\"cars-category-name\">Promociones<\/span><span class=\"cars-category-count\">(2)<\/span><\/li><\/ul>                    <\/div>\r\n\r\n                    <div class=\"cars-tags-widget\">\r\n                        <h3>Etiquetas Populares<\/h3>\r\n                                            <\/div>\r\n\r\n                    <div class=\"cars-recent-widget\">\r\n                        <h3>Recientes<\/h3>\r\n                        <ul class=\"cars-recent-list\"><li class=\"cars-recent-item\" data-post-id=\"2980\"><a href=\"javascript:void(0)\" class=\"cars-recent-link\">Protagonistas<\/a><span class=\"cars-recent-date\">07 Oct<\/span><\/li><li class=\"cars-recent-item\" data-post-id=\"2727\"><a href=\"javascript:void(0)\" class=\"cars-recent-link\">Transporte Tur\u00edstico en Colombia<\/a><span class=\"cars-recent-date\">24 Sep<\/span><\/li><li class=\"cars-recent-item\" data-post-id=\"649\"><a href=\"javascript:void(0)\" class=\"cars-recent-link\">CARS EN VITRINA EMPRESARIAL<\/a><span class=\"cars-recent-date\">25 Aug<\/span><\/li><li class=\"cars-recent-item\" data-post-id=\"121\"><a href=\"javascript:void(0)\" class=\"cars-recent-link\">Transporte familiar en Colombia<\/a><span class=\"cars-recent-date\">11 Aug<\/span><\/li><\/ul>                    <\/div>\r\n                <\/div>\r\n            <\/div>\r\n\r\n            <!-- Load More -->\r\n            <div class=\"cars-load-more-container\">\r\n                <button id=\"cars-load-more-btn\" class=\"cars-load-more-btn\">Cargar m\u00e1s art\u00edculos<\/button>\r\n                <div class=\"cars-loading\" style=\"display: none;\">\r\n                    <div class=\"cars-spinner\"><\/div>\r\n                    Cargando...\r\n                <\/div>\r\n            <\/div>\r\n        <\/div>\r\n        <\/div>\n\t\t\t\t\t\t<\/div>\n\t\t\t\t\t<\/div>\n\t\t\t\t<\/div>\n\t\t\t\t<\/div>\n\t\t","protected":false},"excerpt":{"rendered":"","protected":false},"author":1,"featured_media":0,"parent":0,"menu_order":0,"comment_status":"closed","ping_status":"closed","template":"","meta":{"footnotes":""},"class_list":["post-165","page","type-page","status-publish","hentry"],"aioseo_notices":[],"_links":{"self":[{"href":"https:\/\/carsturismo.com\/index.php\/wp-json\/wp\/v2\/pages\/165","targetHints":{"allow":["GET"]}}],"collection":[{"href":"https:\/\/carsturismo.com\/index.php\/wp-json\/wp\/v2\/pages"}],"about":[{"href":"https:\/\/carsturismo.com\/index.php\/wp-json\/wp\/v2\/types\/page"}],"author":[{"embeddable":true,"href":"https:\/\/carsturismo.com\/index.php\/wp-json\/wp\/v2\/users\/1"}],"replies":[{"embeddable":true,"href":"https:\/\/carsturismo.com\/index.php\/wp-json\/wp\/v2\/comments?post=165"}],"version-history":[{"count":47,"href":"https:\/\/carsturismo.com\/index.php\/wp-json\/wp\/v2\/pages\/165\/revisions"}],"predecessor-version":[{"id":2917,"href":"https:\/\/carsturismo.com\/index.php\/wp-json\/wp\/v2\/pages\/165\/revisions\/2917"}],"wp:attachment":[{"href":"https:\/\/carsturismo.com\/index.php\/wp-json\/wp\/v2\/media?parent=165"}],"curies":[{"name":"wp","href":"https:\/\/api.w.org\/{rel}","templated":true}]}}