{"id":1864,"date":"2025-09-08T20:37:10","date_gmt":"2025-09-09T01:37:10","guid":{"rendered":"https:\/\/carsturismo.com\/wp-carsturismo\/wp-carsturismo\/?page_id=1864"},"modified":"2025-09-12T15:57:20","modified_gmt":"2025-09-12T20:57:20","slug":"proteccion-datos","status":"publish","type":"page","link":"https:\/\/carsturismo.com\/index.php\/proteccion-datos\/","title":{"rendered":"Protecci\u00f3n de Datos"},"content":{"rendered":"\t\t<div data-elementor-type=\"wp-page\" data-elementor-id=\"1864\" class=\"elementor elementor-1864\" data-elementor-post-type=\"page\">\n\t\t\t\t<div class=\"elementor-element elementor-element-c4b94f6 e-flex e-con-boxed e-con e-parent\" data-id=\"c4b94f6\" data-element_type=\"container\" data-e-type=\"container\">\n\t\t\t\t\t<div class=\"e-con-inner\">\n\t\t\t\t\t<\/div>\n\t\t\t\t<\/div>\n\t\t<div class=\"elementor-element elementor-element-702ca26 e-flex e-con-boxed e-con e-parent\" data-id=\"702ca26\" data-element_type=\"container\" data-e-type=\"container\">\n\t\t\t\t\t<div class=\"e-con-inner\">\n\t\t\t\t<div class=\"elementor-element elementor-element-912e0d9 elementor-widget elementor-widget-spacer\" data-id=\"912e0d9\" data-element_type=\"widget\" data-e-type=\"widget\" data-widget_type=\"spacer.default\">\n\t\t\t\t\t\t\t<div class=\"elementor-spacer\">\n\t\t\t<div class=\"elementor-spacer-inner\"><\/div>\n\t\t<\/div>\n\t\t\t\t\t\t<\/div>\n\t\t\t\t\t<\/div>\n\t\t\t\t<\/div>\n\t\t<div class=\"elementor-element elementor-element-10db002 e-flex e-con-boxed e-con e-parent\" data-id=\"10db002\" data-element_type=\"container\" data-e-type=\"container\">\n\t\t\t\t\t<div class=\"e-con-inner\">\n\t\t\t\t<div class=\"elementor-element elementor-element-3e26406 elementor-widget elementor-widget-shortcode\" data-id=\"3e26406\" data-element_type=\"widget\" data-e-type=\"widget\" data-widget_type=\"shortcode.default\">\n\t\t\t\t\t\t\t<div class=\"elementor-shortcode\">        <!-- Men\u00fa Header con Bootstrap - CON HOVER RESTAURADO -->\r\n        <nav class=\"navbar navbar-expand-lg navbar-light cars-menu-header \">\r\n            <div class=\"container-fluid\">\r\n                <button class=\"navbar-toggler\" type=\"button\" data-bs-toggle=\"collapse\" data-bs-target=\"#carsHeaderMenu\" \r\n                        aria-controls=\"carsHeaderMenu\" aria-expanded=\"false\" aria-label=\"Toggle navigation\">\r\n                    <span class=\"navbar-toggler-icon\"><\/span>\r\n                <\/button>\r\n\r\n                <div class=\"collapse navbar-collapse justify-content-end\" id=\"carsHeaderMenu\">\r\n                    <ul id=\"menu-menu\" class=\"navbar-nav mb-2 mb-lg-0 cars-custom-nav\"><li class=\"menu-item menu-item-type-post_type menu-item-object-page menu-item-home nav-item\"><a class=\"nav-link\" href=\"https:\/\/carsturismo.com\/\">Car\u00b4s Turismo<\/a><\/li>\n<li class=\"menu-item menu-item-type-post_type menu-item-object-page nav-item\"><a class=\"nav-link\" href=\"https:\/\/carsturismo.com\/index.php\/empresa\/\">Qui\u00e9nes Somos<\/a><\/li>\n<li class=\"menu-item menu-item-type-post_type menu-item-object-page nav-item\"><a class=\"nav-link\" href=\"https:\/\/carsturismo.com\/index.php\/parque-automotor\/\">Parque Automotor<\/a><\/li>\n<li class=\"menu-item menu-item-type-post_type menu-item-object-page menu-item-has-children nav-item dropdown submenu-parent\"><a class=\"nav-link dropdown-toggle\" data-bs-toggle=\"dropdown\" aria-expanded=\"false\" href=\"https:\/\/carsturismo.com\/index.php\/servicios\/\">Soluciones en Movilidad<span class=\"arrow\">^<\/span><\/a><ul class=\"dropdown-menu submenu\"><li class=\"menu-item menu-item-type-post_type menu-item-object-page nav-item\"><a class=\"nav-link\" href=\"https:\/\/carsturismo.com\/index.php\/corporativo-institucional\/\">Corporativo e Institucional<\/a><\/li>\n<li class=\"menu-item menu-item-type-post_type menu-item-object-page nav-item\"><a class=\"nav-link\" href=\"https:\/\/carsturismo.com\/index.php\/turismo-experiencias\/\">Turismo y Experiencias<\/a><\/li>\n<li class=\"menu-item menu-item-type-post_type menu-item-object-page nav-item\"><a class=\"nav-link\" href=\"https:\/\/carsturismo.com\/index.php\/premium-medida\/\">Premium y a la Medida<\/a><\/li>\n<\/ul>\n<\/li>\n<li class=\"menu-item menu-item-type-post_type menu-item-object-page nav-item\"><a class=\"nav-link\" href=\"https:\/\/carsturismo.com\/index.php\/blog\/\">Noticias y Actualidad<\/a><\/li>\n<li class=\"hidden-menu-item menu-item menu-item-type-post_type menu-item-object-page nav-item\"><a class=\"nav-link\" href=\"https:\/\/carsturismo.com\/index.php\/zona-transacciones\/\">Zona de Transacciones<\/a><\/li>\n<\/ul>                <\/div>\r\n            <\/div>\r\n        <\/nav>\r\n        <\/div>\n\t\t\t\t\t\t<\/div>\n\t\t\t\t<div class=\"elementor-element elementor-element-4456f39 elementor-widget elementor-widget-text-editor\" data-id=\"4456f39\" data-element_type=\"widget\" data-e-type=\"widget\" data-widget_type=\"text-editor.default\">\n\t\t\t\t\t\t\t\t\t<h3 style=\"text-align: center;\"><b>Politica tratamiento de datos personales.<\/b><\/h3><p>(Es posible tener una \u00fanica pol\u00edtica de tratamiento de informaci\u00f3n para los\u00a0datos personales registrados en todas las bases de datos que tiene el<br \/>Responsable del tratamiento o tener pol\u00edticas individuales para\u00a0determinadas bases de datos).<\/p><p><strong>OBJETIVO:<\/strong><br \/>Establecer los criterios para la recolecci\u00f3n, almacenamiento, uso, circulaci\u00f3n y supresi\u00f3n para fines pertinentes de los datos personales tratados por Car&#8217;s TURISMO SAS.<\/p><p><strong>ALCANCE:<\/strong><br \/>Esta pol\u00edtica aplica para toda la informaci\u00f3n personal registrada en las bases de datos de Car\u00b4s TURISMO SAS, quien act\u00faa en calidad de responsable del tratamiento de los datos personales.<\/p><p><strong>OBLIGACIONES:<\/strong><br \/>Esta pol\u00edtica es de obligatorio y estricto cumplimiento para Car&#8217;s TURISMO SAS.<\/p><p><strong>RESPONSABLE DEL TRATAMIENTO:<\/strong><br \/>Car\u00b4s TURISMO SAS, sociedad comercial legalmente constituida (cuando aplique), identificada con el NIT 830.092.628-1, con domicilio principal en la (direcci\u00f3n) Parque empresarial soko km 1.8 aut medellin costado sur calle 80 de la ciudad de Bogota, Rep\u00fablica de Colombia. P\u00e1gina www.carsturismo.com<br \/>Tel\u00e9fono (601) 231 0422 en la ciudad de Bogota,<\/p><p><strong>POL\u00cdTICA DE TRATAMIENTO DE DATOS PERSONALES GU\u00cdA DE FORMATOS MODELO PARA EL TRATAMIENTO DE DATOS PERSONALES -LEY 1581 DE 2012.<\/strong><\/p><p><strong>POL\u00cdTICA DE TRATAMIENTO DE DATOS PERSONALES TRATAMIENTO Y FINALIDAD:<\/strong><br \/>El tratamiento que realizar\u00e1 Car&#8217;s TURISMO SAS con la informaci\u00f3n personal ser\u00e1 el siguiente: La recolecci\u00f3n, almacenamiento, uso, circulaci\u00f3n, etc.<\/p><p><strong>DERECHOS DE LOS TITULARES:<\/strong><br \/>Como titular de sus datos personales Usted tiene derecho a:<br \/>(i) Acceder de forma gratuita a los datos proporcionados que hayan sido objeto de tratamiento.<br \/>(ii) Conocer, actualizar y rectificar su informaci\u00f3n frente a datos parciales, inexactos, incompletos, fraccionados, que induzcan a error, o aquellos cuyo tratamiento est\u00e9 prohibido o no haya sido autorizado.<br \/>(iii) Solicitar prueba de la autorizaci\u00f3n otorgada.<br \/>(iv) Presentar ante la Superintendencia de Industria y Comercio (SIC) quejas por infracciones a lo dispuesto en la normatividad vigente.<br \/>(v) Revocar la autorizaci\u00f3n y\/o solicitar la supresi\u00f3n del dato, siempre que no exista un deber legal o contractual que impida eliminarlos.<br \/>(vi) Abstenerse de responder las preguntas sobre datos sensibles.<\/p><p>Tendr\u00e1 car\u00e1cter facultativo las respuestas que versen sobre datos sensibles o sobre datos de las ni\u00f1as y ni\u00f1os y adolescentes.<\/p><p><strong>POL\u00cdTICA DE TRATAMIENTO DE DATOS PERSONALES ATENCI\u00d3N DE PETICIONES, CONSULTAS Y RECLAMOS<\/strong><br \/>El \u00e1rea comercial es la dependencia que tiene a cargo dar tr\u00e1mite a las solicitudes de los titulares para hacer efectivos sus derechos.<\/p><p><strong>PROCEDIMIENTO PARA EL EJERCICIO DEL DERECHO DE HABEAS DATA.<\/strong><br \/>En cumplimiento de las normas sobre protecci\u00f3n de datos personales, Car&#8217;s TURISMO SAS presenta el procedimiento y requisitos m\u00ednimos para el ejercicio de sus derechos:<br \/>Para la radicaci\u00f3n y atenci\u00f3n de su solicitud le solicitamos suministrar la siguiente informaci\u00f3n:<br \/>* Nombre completo y apellidos.<br \/>* Datos de contacto (Direcci\u00f3n f\u00edsica y\/o electr\u00f3nica y tel\u00e9fonos de contacto),<br \/>* Medios para recibir respuesta a su solicitud,Motivo(s)\/hecho(s) que dan lugar al reclamo con una breve descripci\u00f3n del derecho que desea ejercer (conocer, actualizar, rectificar, solicitar prueba de la autorizaci\u00f3n otorgada, revocarla,suprimir, acceder a la informaci\u00f3n).<br \/>* Firma (si aplica) y n\u00famero de identificaci\u00f3n.<\/p><p>El t\u00e9rmino m\u00e1ximo previsto por la ley para resolver su reclamaci\u00f3n es de quince (15) d\u00edas h\u00e1biles, contado a partir del d\u00eda siguiente a la fecha de su<br \/>recibo. Cuando no fuere posible atender el reclamo dentro de dicho t\u00e9rmino, Car&#8217;s TURISMO SAS informar\u00e1 al interesado los motivos de la demora y la fecha en que se atender\u00e1 su reclamo, la cual en ning\u00fan caso podr\u00e1 superar los ocho (8) d\u00edas h\u00e1biles siguientes al vencimiento del primer t\u00e9rmino.<br \/>Una vez cumplidos los t\u00e9rminos se\u00f1alados por la Ley 1581 de 2012 y las dem\u00e1s normas que la reglamenten o complementen, el Titular al que se<br \/>deniegue, total o parcialmente, el ejercicio de los derechos de acceso, actualizaci\u00f3n, rectificaci\u00f3n, supresi\u00f3n y revocaci\u00f3n, podr\u00e1 poner su caso en<br \/>conocimiento de la Superintendencia de Industria y Comercio \u2013Delegatura para la Protecci\u00f3n de Datos Personales-.<\/p>\t\t\t\t\t\t\t\t<\/div>\n\t\t\t\t\t<\/div>\n\t\t\t\t<\/div>\n\t\t\t\t<\/div>\n\t\t","protected":false},"excerpt":{"rendered":"<p>Politica tratamiento de datos personales. (Es posible tener una \u00fanica pol\u00edtica de tratamiento de informaci\u00f3n para los\u00a0datos personales registrados en todas las bases de datos que tiene elResponsable del tratamiento o tener pol\u00edticas individuales para\u00a0determinadas bases de datos). OBJETIVO:Establecer los criterios para la recolecci\u00f3n, almacenamiento, uso, circulaci\u00f3n y supresi\u00f3n para fines pertinentes de los datos [&hellip;]<\/p>\n","protected":false},"author":1,"featured_media":0,"parent":0,"menu_order":0,"comment_status":"closed","ping_status":"closed","template":"elementor_header_footer","meta":{"footnotes":""},"class_list":["post-1864","page","type-page","status-publish","hentry"],"aioseo_notices":[],"_links":{"self":[{"href":"https:\/\/carsturismo.com\/index.php\/wp-json\/wp\/v2\/pages\/1864","targetHints":{"allow":["GET"]}}],"collection":[{"href":"https:\/\/carsturismo.com\/index.php\/wp-json\/wp\/v2\/pages"}],"about":[{"href":"https:\/\/carsturismo.com\/index.php\/wp-json\/wp\/v2\/types\/page"}],"author":[{"embeddable":true,"href":"https:\/\/carsturismo.com\/index.php\/wp-json\/wp\/v2\/users\/1"}],"replies":[{"embeddable":true,"href":"https:\/\/carsturismo.com\/index.php\/wp-json\/wp\/v2\/comments?post=1864"}],"version-history":[{"count":17,"href":"https:\/\/carsturismo.com\/index.php\/wp-json\/wp\/v2\/pages\/1864\/revisions"}],"predecessor-version":[{"id":2004,"href":"https:\/\/carsturismo.com\/index.php\/wp-json\/wp\/v2\/pages\/1864\/revisions\/2004"}],"wp:attachment":[{"href":"https:\/\/carsturismo.com\/index.php\/wp-json\/wp\/v2\/media?parent=1864"}],"curies":[{"name":"wp","href":"https:\/\/api.w.org\/{rel}","templated":true}]}}