{"id":3,"date":"2025-07-29T16:41:24","date_gmt":"2025-07-29T21:41:24","guid":{"rendered":"https:\/\/carsturismo.com\/wp-carsturismo\/wp-carsturismo\/?page_id=3"},"modified":"2025-10-15T14:55:25","modified_gmt":"2025-10-15T19:55:25","slug":"politica-privacidad","status":"publish","type":"page","link":"https:\/\/carsturismo.com\/index.php\/politica-privacidad\/","title":{"rendered":"Pol\u00edtica de privacidad"},"content":{"rendered":"\t\t<div data-elementor-type=\"wp-page\" data-elementor-id=\"3\" class=\"elementor elementor-3\" data-elementor-post-type=\"page\">\n\t\t\t\t<div class=\"elementor-element elementor-element-7d69e01 e-flex e-con-boxed e-con e-parent\" data-id=\"7d69e01\" data-element_type=\"container\" data-e-type=\"container\">\n\t\t\t\t\t<div class=\"e-con-inner\">\n\t\t\t\t\t<\/div>\n\t\t\t\t<\/div>\n\t\t<div class=\"elementor-element elementor-element-45fac2d e-flex e-con-boxed e-con e-parent\" data-id=\"45fac2d\" data-element_type=\"container\" data-e-type=\"container\">\n\t\t\t\t\t<div class=\"e-con-inner\">\n\t\t\t\t\t<\/div>\n\t\t\t\t<\/div>\n\t\t<div class=\"elementor-element elementor-element-23ef894 e-flex e-con-boxed e-con e-parent\" data-id=\"23ef894\" data-element_type=\"container\" data-e-type=\"container\">\n\t\t\t\t\t<div class=\"e-con-inner\">\n\t\t\t\t<div class=\"elementor-element elementor-element-4ce5fea elementor-widget elementor-widget-shortcode\" data-id=\"4ce5fea\" data-element_type=\"widget\" data-e-type=\"widget\" data-widget_type=\"shortcode.default\">\n\t\t\t\t\t\t\t<div class=\"elementor-shortcode\">        <!-- Men\u00fa Header con Bootstrap - CON HOVER RESTAURADO -->\r\n        <nav class=\"navbar navbar-expand-lg navbar-light cars-menu-header \">\r\n            <div class=\"container-fluid\">\r\n                <button class=\"navbar-toggler\" type=\"button\" data-bs-toggle=\"collapse\" data-bs-target=\"#carsHeaderMenu\" \r\n                        aria-controls=\"carsHeaderMenu\" aria-expanded=\"false\" aria-label=\"Toggle navigation\">\r\n                    <span class=\"navbar-toggler-icon\"><\/span>\r\n                <\/button>\r\n\r\n                <div class=\"collapse navbar-collapse justify-content-end\" id=\"carsHeaderMenu\">\r\n                    <ul id=\"menu-menu\" class=\"navbar-nav mb-2 mb-lg-0 cars-custom-nav\"><li class=\"menu-item menu-item-type-post_type menu-item-object-page menu-item-home nav-item\"><a class=\"nav-link\" href=\"https:\/\/carsturismo.com\/\">Car\u00b4s Turismo<\/a><\/li>\n<li class=\"menu-item menu-item-type-post_type menu-item-object-page nav-item\"><a class=\"nav-link\" href=\"https:\/\/carsturismo.com\/index.php\/empresa\/\">Qui\u00e9nes Somos<\/a><\/li>\n<li class=\"menu-item menu-item-type-post_type menu-item-object-page nav-item\"><a class=\"nav-link\" href=\"https:\/\/carsturismo.com\/index.php\/parque-automotor\/\">Parque Automotor<\/a><\/li>\n<li class=\"menu-item menu-item-type-post_type menu-item-object-page menu-item-has-children nav-item dropdown submenu-parent\"><a class=\"nav-link dropdown-toggle\" data-bs-toggle=\"dropdown\" aria-expanded=\"false\" href=\"https:\/\/carsturismo.com\/index.php\/servicios\/\">Soluciones en Movilidad<span class=\"arrow\">^<\/span><\/a><ul class=\"dropdown-menu submenu\"><li class=\"menu-item menu-item-type-post_type menu-item-object-page nav-item\"><a class=\"nav-link\" href=\"https:\/\/carsturismo.com\/index.php\/corporativo-institucional\/\">Corporativo e Institucional<\/a><\/li>\n<li class=\"menu-item menu-item-type-post_type menu-item-object-page nav-item\"><a class=\"nav-link\" href=\"https:\/\/carsturismo.com\/index.php\/turismo-experiencias\/\">Turismo y Experiencias<\/a><\/li>\n<li class=\"menu-item menu-item-type-post_type menu-item-object-page nav-item\"><a class=\"nav-link\" href=\"https:\/\/carsturismo.com\/index.php\/premium-medida\/\">Premium y a la Medida<\/a><\/li>\n<\/ul>\n<\/li>\n<li class=\"menu-item menu-item-type-post_type menu-item-object-page nav-item\"><a class=\"nav-link\" href=\"https:\/\/carsturismo.com\/index.php\/blog\/\">Noticias y Actualidad<\/a><\/li>\n<li class=\"hidden-menu-item menu-item menu-item-type-post_type menu-item-object-page nav-item\"><a class=\"nav-link\" href=\"https:\/\/carsturismo.com\/index.php\/zona-transacciones\/\">Zona de Transacciones<\/a><\/li>\n<\/ul>                <\/div>\r\n            <\/div>\r\n        <\/nav>\r\n        <\/div>\n\t\t\t\t\t\t<\/div>\n\t\t\t\t\t<\/div>\n\t\t\t\t<\/div>\n\t\t<div class=\"elementor-element elementor-element-10e368f e-flex e-con-boxed e-con e-parent\" data-id=\"10e368f\" data-element_type=\"container\" data-e-type=\"container\">\n\t\t\t\t\t<div class=\"e-con-inner\">\n\t\t\t\t<div class=\"elementor-element elementor-element-c7fc2c7 elementor-widget elementor-widget-text-editor\" data-id=\"c7fc2c7\" data-element_type=\"widget\" data-e-type=\"widget\" data-widget_type=\"text-editor.default\">\n\t\t\t\t\t\t\t\t\t<h2 class=\"wp-block-heading\">Qui\u00e9nes somos<\/h2><p>La direcci\u00f3n de nuestro sitio web es:<strong> https:\/\/carsturismo.com\/<\/strong><\/p><h2 class=\"wp-block-heading\">Comentarios<\/h2><p><strong>Car\u00b4s TURISMO S.A.S<\/strong>\u00a0le informa sobre su Pol\u00edtica de Privacidad respecto del tratamiento y protecci\u00f3n de los datos de car\u00e1cter personal de los usuarios y clientes que puedan ser recabados por la navegaci\u00f3n o contrataci\u00f3n de servicios a trav\u00e9s del sitio Web:\u00a0<strong>https:\/\/carsturismo.com\/<\/strong><\/p><p>En este sentido, el Titular garantiza el cumplimiento de la normativa vigente en materia de protecci\u00f3n de datos personales, reflejada en la Ley Org\u00e1nica 3\/2018, de 5 de diciembre, de Protecci\u00f3n de Datos Personales y de Garant\u00eda de Derechos Digitales (LOPD GDD). Cumple tambi\u00e9n con el Reglamento (UE) 2016\/679 del Parlamento Europeo y del Consejo de 27 de abril de 2016 relativo a la protecci\u00f3n de las personas f\u00edsicas (RGPD). El uso de sitio Web implica la aceptaci\u00f3n de esta Pol\u00edtica de Privacidad as\u00ed como las condiciones incluidas en el Aviso Legal.<\/p><h2 class=\"wp-block-heading\">Medios<\/h2><p>Si subes im\u00e1genes al sitio web, debes evitar cargar im\u00e1genes con datos de ubicaci\u00f3n incrustados (EXIF GPS). Los visitantes del sitio web pueden descargar y extraer los datos de la ubicaci\u00f3n de las im\u00e1genes en el sitio Web.<\/p><h2 class=\"wp-block-heading\">Cookies<\/h2><p>Si deja un comentario en nuestro sitio, puedes optar por guardar tu nombre, direcci\u00f3n de correo electr\u00f3nico y sitio web en cookies. Estos es para tu comodidad y no tengas que volver a rellenar tus datos cuando dejes otro comentario. Estas cookies tendr\u00e1n un a\u00f1o de duraci\u00f3n.<\/p><h2 class=\"wp-block-heading\">Contenido incrustado de otros sitios web<\/h2><p>Los art\u00edculos de este sitio pueden incluir contenido incrustado (por ejemplo, v\u00eddeos, im\u00e1genes, art\u00edculos, etc.). El contenido incrustado de otras webs se comporta exactamente de la misma manera que si el visitante hubiera visitado la otra web.<\/p><p>Estas web pueden recopilar datos sobre ti, utilizar cookies, incrustar un seguimiento adicional de terceros, y supervisar tu interacci\u00f3n con ese contenido incrustado, incluido el seguimiento de tu interacci\u00f3n con el contenido incrustado si tienes una cuenta y est\u00e1s conectado a esa web.<\/p><h2 class=\"wp-block-heading\">Qu\u00e9 derechos tienes sobre tus datos<\/h2><p>Si tienes una cuenta en este sitio, o ha dejado comentarios, puedes solicitar la exportaci\u00f3n de un archivo con tus datos personales recopilados, incluyendo cualquier otro dato que nos haya proporcionado. Tambi\u00e9n puede solicitar la eliminaci\u00f3n de cualquier dato personal que guardemos sobre ti. Esto no incluye los datos que estamos obligados a consevar para fines administrativos, legales o de seguridad.<\/p><h2 class=\"wp-block-heading\">D\u00f3nde se env\u00edan tus datos<\/h2><p>Puede que los comentarios de los visitantes sean validados por un servicio automatico de detecci\u00f3n de spam.<\/p>\t\t\t\t\t\t\t\t<\/div>\n\t\t\t\t\t<\/div>\n\t\t\t\t<\/div>\n\t\t\t\t<\/div>\n\t\t","protected":false},"excerpt":{"rendered":"<p>Qui\u00e9nes somos La direcci\u00f3n de nuestro sitio web es: https:\/\/carsturismo.com\/ Comentarios Car\u00b4s TURISMO S.A.S\u00a0le informa sobre su Pol\u00edtica de Privacidad respecto del tratamiento y protecci\u00f3n de los datos de car\u00e1cter personal de los usuarios y clientes que puedan ser recabados por la navegaci\u00f3n o contrataci\u00f3n de servicios a trav\u00e9s del sitio Web:\u00a0https:\/\/carsturismo.com\/ En este sentido, [&hellip;]<\/p>\n","protected":false},"author":1,"featured_media":0,"parent":0,"menu_order":0,"comment_status":"closed","ping_status":"closed","template":"","meta":{"footnotes":""},"class_list":["post-3","page","type-page","status-publish","hentry"],"aioseo_notices":[],"_links":{"self":[{"href":"https:\/\/carsturismo.com\/index.php\/wp-json\/wp\/v2\/pages\/3","targetHints":{"allow":["GET"]}}],"collection":[{"href":"https:\/\/carsturismo.com\/index.php\/wp-json\/wp\/v2\/pages"}],"about":[{"href":"https:\/\/carsturismo.com\/index.php\/wp-json\/wp\/v2\/types\/page"}],"author":[{"embeddable":true,"href":"https:\/\/carsturismo.com\/index.php\/wp-json\/wp\/v2\/users\/1"}],"replies":[{"embeddable":true,"href":"https:\/\/carsturismo.com\/index.php\/wp-json\/wp\/v2\/comments?post=3"}],"version-history":[{"count":36,"href":"https:\/\/carsturismo.com\/index.php\/wp-json\/wp\/v2\/pages\/3\/revisions"}],"predecessor-version":[{"id":3136,"href":"https:\/\/carsturismo.com\/index.php\/wp-json\/wp\/v2\/pages\/3\/revisions\/3136"}],"wp:attachment":[{"href":"https:\/\/carsturismo.com\/index.php\/wp-json\/wp\/v2\/media?parent=3"}],"curies":[{"name":"wp","href":"https:\/\/api.w.org\/{rel}","templated":true}]}}